{"id":189,"date":"2025-10-15T12:47:39","date_gmt":"2025-10-15T12:47:39","guid":{"rendered":"https:\/\/www.olbaproperties.com\/legal-advice\/"},"modified":"2025-10-24T08:12:58","modified_gmt":"2025-10-24T08:12:58","slug":"avis-legal","status":"publish","type":"page","link":"https:\/\/www.olbaproperties.com\/ca\/avis-legal\/","title":{"rendered":"Av\u00eds legal"},"content":{"rendered":"<h1>Av\u00eds Legal<\/h1>\n<h2>Titular del Lloc Web<\/h2>\n<p><strong>Ra\u00f3 social:<\/strong> OLBA PROPERTIES, S.L.<br \/>\n<strong>CIF:<\/strong> B10849990<br \/>\n<strong>Adre\u00e7a social:<\/strong> Carrer de l\u2019Era Esquerra, N\u00ba 18, 08242 Manresa (Barcelona)<br \/>\n<strong>Centre de treball:<\/strong> Carrer de l\u2019Era Esquerra, N\u00ba 18, 08242 Manresa (Barcelona)<br \/>\n<strong>Tel\u00e8fon de contacte:<\/strong> +34 93 701 27 00<br \/>\n<strong>Correu electr\u00f2nic:<\/strong> <a href=\"mailto:info@manixcapital.com\">info@manixcapital.com<\/a><br \/>\n<strong>Inscripci\u00f3 registral:<\/strong> Registre Mercantil de Barcelona, Tom 46894, Foli 16, Fulla B-534495<\/p>\n<h3>Finalitat<\/h3>\n<p>Aquest av\u00eds legal regula l\u2019\u00fas del lloc web <a href=\"https:\/\/www.olbaproperties.com\/\">www.olbaproperties.com<\/a> (en endavant, el \u201clloc web\u201d) posat a disposici\u00f3 dels usuaris per <strong>OLBA PROPERTIES, S.L.<\/strong>. La navegaci\u00f3 per aquest lloc confereix la condici\u00f3 d\u2019usuari i implica l\u2019<strong>acceptaci\u00f3 expressa i sense reserves<\/strong> de totes les condicions aqu\u00ed publicades.<\/p>\n<h3>Condicions d\u2019\u00das<\/h3>\n<p>L\u2019acc\u00e9s i \u00fas del lloc web s\u00f3n <strong>gratu\u00efts<\/strong>. L\u2019usuari es compromet a utilitzar els continguts i serveis de manera <strong>l\u00edcita, \u00e8tica i responsable<\/strong>.<\/p>\n<p>Queda expressament <strong>prohibit<\/strong> qualsevol \u00fas que pugui:<\/p>\n<ul>\n<li>Danyar o interferir en el funcionament del lloc.<\/li>\n<li>Vulnerar els drets de tercers.<\/li>\n<\/ul>\n<h3>Propietat Intel\u00b7lectual i Industrial<\/h3>\n<p>Tots els continguts del lloc web (textos, imatges, logotips, disseny, programari, etc.) s\u00f3n <strong>propietat d\u2019OLBA PROPERTIES, S.L.<\/strong> o de <strong>tercers que n\u2019han autoritzat l\u2019\u00fas<\/strong>. Es prohibeix la <strong>reproducci\u00f3 o explotaci\u00f3<\/strong> d\u2019aquests continguts sense l\u2019autoritzaci\u00f3 pr\u00e8via del titular.<\/p>\n<h3>Enlla\u00e7os<\/h3>\n<p>Qualsevol enlla\u00e7 a altres llocs web incl\u00f2s en aquest lloc t\u00e9 un <strong>car\u00e0cter merament informatiu<\/strong>. <strong>OLBA PROPERTIES, S.L.<\/strong> no es fa responsable del contingut, exactitud o disponibilitat d\u2019aquests llocs.<\/p>\n<h3>Llei Aplicable<\/h3>\n<p>Les presents condicions es regeixen per la <strong>legislaci\u00f3 espanyola<\/strong>. Per a qualsevol controv\u00e8rsia, les parts se sotmeten als <strong>Jutjats i Tribunals de Manresa<\/strong>.<\/p>\n","protected":false},"excerpt":{"rendered":"<p>Av\u00eds Legal Titular del Lloc Web Ra\u00f3 social: OLBA PROPERTIES, S.L. CIF: B10849990 Adre\u00e7a social: Carrer de l\u2019Era Esquerra, N\u00ba 18, 08242 Manresa (Barcelona) Centre de treball: Carrer de l\u2019Era Esquerra, N\u00ba 18, 08242 Manresa (Barcelona) Tel\u00e8fon de contacte: +34 93 701 27 00 Correu electr\u00f2nic: info@manixcapital.com Inscripci\u00f3 registral: Registre Mercantil de Barcelona, Tom 46894,<a href=\"https:\/\/www.olbaproperties.com\/ca\/avis-legal\/\">Continue reading <span class=\"sr-only\">&#8220;Av\u00eds legal&#8221;<\/span><\/a><\/p>\n","protected":false},"author":1,"featured_media":0,"parent":0,"menu_order":0,"comment_status":"closed","ping_status":"closed","template":"","meta":{"_acf_changed":false,"inline_featured_image":false,"footnotes":""},"class_list":["post-189","page","type-page","status-publish","hentry"],"acf":[],"_links":{"self":[{"href":"https:\/\/www.olbaproperties.com\/ca\/wp-json\/wp\/v2\/pages\/189","targetHints":{"allow":["GET"]}}],"collection":[{"href":"https:\/\/www.olbaproperties.com\/ca\/wp-json\/wp\/v2\/pages"}],"about":[{"href":"https:\/\/www.olbaproperties.com\/ca\/wp-json\/wp\/v2\/types\/page"}],"author":[{"embeddable":true,"href":"https:\/\/www.olbaproperties.com\/ca\/wp-json\/wp\/v2\/users\/1"}],"replies":[{"embeddable":true,"href":"https:\/\/www.olbaproperties.com\/ca\/wp-json\/wp\/v2\/comments?post=189"}],"version-history":[{"count":2,"href":"https:\/\/www.olbaproperties.com\/ca\/wp-json\/wp\/v2\/pages\/189\/revisions"}],"predecessor-version":[{"id":193,"href":"https:\/\/www.olbaproperties.com\/ca\/wp-json\/wp\/v2\/pages\/189\/revisions\/193"}],"wp:attachment":[{"href":"https:\/\/www.olbaproperties.com\/ca\/wp-json\/wp\/v2\/media?parent=189"}],"curies":[{"name":"wp","href":"https:\/\/api.w.org\/{rel}","templated":true}]}}